{"id":14,"date":"2013-05-09T16:38:32","date_gmt":"2013-05-09T16:38:32","guid":{"rendered":"http:\/\/djecjikutak.muzej-rijeka.hr\/?page_id=14"},"modified":"2013-05-12T15:51:34","modified_gmt":"2013-05-12T15:51:34","slug":"za-zapamtiti","status":"publish","type":"page","link":"https:\/\/djecjikutak.muzej-rijeka.hr\/index.php\/o-muzejima\/za-zapamtiti\/","title":{"rendered":"Za zapamtiti"},"content":{"rendered":"<p>S obzirom na to da muzejski predmeti trebaju biti za\u0161ti\u0107eni od propadanja i o\u0161te\u0107ivanja i onda kada su izlo\u017eeni na izlo\u017ebi, postavljamo ih u staklene vitrine ili ispred njih stavljamo za\u0161titni konopac, koji je znak posjetiocu da se predmetu smije pribli\u017eiti samo onoliko koliko mu to konopac dopu\u0161ta.<br \/>\nSvi smo ponekad znati\u017eeljni i \u017eelimo neki predmet do\u017eivjeti i dodirom, ali tada trebamo razmisliti \u0161to bi se moglo dogoditi kada bi svima bilo dopu\u0161teno dodirivanje muzejskih predmeta, koji su stari pa samim time i skloni o\u0161te\u0107ivanju. Oni bi mogli postupno izgubiti svoj sjaj, boju, teksturu (opipljivu \u0161aru) itd. Kada ne bi bili za\u0161ti\u0107eni na ovaj na\u010din, postojala bi i ve\u0107a mogu\u0107nost za nastankom te\u017eih o\u0161te\u0107enja na predmetima, kao \u0161to je lom. Zato se u izlo\u017ebenim prostorijama nalaze staklene vitrine, za\u0161titni konopci, postamenti (postolja za predmete, npr. kipove) i drugo sa \u010dime se izlo\u017eene predmete (eksponate) osigurava, a na posjetiocima je da se prema njima odnose s po\u0161tovanjem i da ih do\u017eive pogledom.<\/p>\n","protected":false},"excerpt":{"rendered":"<p>S obzirom na to da muzejski predmeti trebaju biti za\u0161ti\u0107eni od propadanja i o\u0161te\u0107ivanja i onda kada su izlo\u017eeni na izlo\u017ebi, postavljamo ih u staklene vitrine ili ispred njih stavljamo za\u0161titni konopac, koji je znak posjetiocu da se predmetu smije pribli\u017eiti samo onoliko koliko mu to konopac dopu\u0161ta. Svi smo ponekad znati\u017eeljni i \u017eelimo neki [&hellip;]<\/p>\n","protected":false},"author":2,"featured_media":0,"parent":8,"menu_order":0,"comment_status":"open","ping_status":"closed","template":"","meta":[],"_links":{"self":[{"href":"https:\/\/djecjikutak.muzej-rijeka.hr\/index.php\/wp-json\/wp\/v2\/pages\/14"}],"collection":[{"href":"https:\/\/djecjikutak.muzej-rijeka.hr\/index.php\/wp-json\/wp\/v2\/pages"}],"about":[{"href":"https:\/\/djecjikutak.muzej-rijeka.hr\/index.php\/wp-json\/wp\/v2\/types\/page"}],"author":[{"embeddable":true,"href":"https:\/\/djecjikutak.muzej-rijeka.hr\/index.php\/wp-json\/wp\/v2\/users\/2"}],"replies":[{"embeddable":true,"href":"https:\/\/djecjikutak.muzej-rijeka.hr\/index.php\/wp-json\/wp\/v2\/comments?post=14"}],"version-history":[{"count":0,"href":"https:\/\/djecjikutak.muzej-rijeka.hr\/index.php\/wp-json\/wp\/v2\/pages\/14\/revisions"}],"up":[{"embeddable":true,"href":"https:\/\/djecjikutak.muzej-rijeka.hr\/index.php\/wp-json\/wp\/v2\/pages\/8"}],"wp:attachment":[{"href":"https:\/\/djecjikutak.muzej-rijeka.hr\/index.php\/wp-json\/wp\/v2\/media?parent=14"}],"curies":[{"name":"wp","href":"https:\/\/api.w.org\/{rel}","templated":true}]}}