{"id":16,"date":"2013-05-09T16:38:52","date_gmt":"2013-05-09T16:38:52","guid":{"rendered":"http:\/\/djecjikutak.muzej-rijeka.hr\/?page_id=16"},"modified":"2013-11-10T22:02:10","modified_gmt":"2013-11-10T22:02:10","slug":"o-nasem-muzeju","status":"publish","type":"page","link":"https:\/\/djecjikutak.muzej-rijeka.hr\/index.php\/o-nasem-muzeju\/","title":{"rendered":"O na\u0161em Muzeju"},"content":{"rendered":"<p style=\"text-align: justify;\"><strong><span style=\"color: #ff6600;\">Muzej grada Rijeke postoji ve\u0107 19 godina! Svoj ro\u0111endan slavi 11. travnja, a sljede\u0107e godine planira veliku proslavu povodom svog jubilarnog 20. ro\u0111endana.<\/span><\/strong><\/p>\n<p style=\"text-align: justify;\">U zgradi Muzeja, koja se nalazi kraj Guvernerove pala\u010de, i prije je djelovao jedan muzej koji se zvao Muzej narodne revolucije, a bavio se isklju\u010divo prikupljanjem predmeta vezanih uz borbu naroda za odre\u0111ene promjene.<br \/>\nMuzej grada Rijeke naslijedio je njegove predmete, ali se bavi i prikupljanjem mnogih drugih starih i rijetkih predmeta kojima je zajedni\u010dko to \u0161to su vezani uz grad Rijeku i okolicu, odnosno uz ljude iz ovog kraja.<br \/>\nPogledaj neke od mno\u0161tva vrijednih predmeta koje \u010duva ovaj Muzej!<\/p>\n<p style=\"text-align: center;\"><img loading=\"lazy\" style=\"margin: 3px;\" alt=\"tn_1 umjetni\u010dka slika\" src=\"http:\/\/djecjikutak.bantic.net\/wp-content\/uploads\/2013\/04\/tn_1-umjetni\u010dka-slika.jpg\" width=\"154\" height=\"200\" \/> <img loading=\"lazy\" style=\"margin: 3px;\" alt=\"tn_1b umjetni\u010dka slika\" src=\"http:\/\/djecjikutak.bantic.net\/wp-content\/uploads\/2013\/04\/tn_1b-umjetni\u010dka-slika-300x166.jpg\" width=\"300\" height=\"166\" \/><\/p>\n<p style=\"text-align: justify;\">U na\u0161em se Muzeju \u010duva mnogo vrijednih umjetni\u010dkih slika koje ili prikazuju Rijeku i njenu okolicu ili su rad nekog slikara iz ovog kraja.<br \/>\nLijeva slika prikazuje dje\u010da\u010di\u0107a u plavom mornarskom odijelcu. Prikazan je kako povla\u010di u\u017ee kojemu ne vidimo po\u010detak, ali mo\u017eemo pretpostaviti da je ono vezano za \u010damac. Autor slike je poznati rije\u010dki slikar Giovanni Butcovich (Ivan Butkovi\u0107) koji je umro prije osamdeset i tri godine.<\/p>\n<p style=\"text-align: justify;\">Druga slika prikazuje kako je u pro\u0161losti izgledala jedna pla\u017ea na Pe\u0107inama.<\/p>\n<p style=\"text-align: justify;\">\n<p style=\"text-align: justify;\">\n<p style=\"text-align: center;\"><img loading=\"lazy\" style=\"margin: 3px;\" alt=\"tn_2a gramofonska plo\u010da\" src=\"http:\/\/djecjikutak.bantic.net\/wp-content\/uploads\/2013\/04\/tn_2a-gramofonska-plo\u010da.jpg\" width=\"244\" height=\"240\" \/> <img loading=\"lazy\" alt=\"2c-gramofon-berliner\" src=\"https:\/\/djecjikutak.muzej-rijeka.hr\/wp-content\/uploads\/2013\/05\/2c-gramofon-berliner.jpg\" width=\"257\" height=\"200\" \/><\/p>\n<p style=\"text-align: justify;\">Muzej \u010duva brojne gramofonske plo\u010de koje su izumljene prije dana\u0161njih cd-a. Ve\u0107e su i ne\u0161to deblje od cd-a, a glazba se s njih pu\u0161tala pomo\u0107u gramofona, odnosno sprave koja sadr\u017ei iglu koja klizi po plo\u010di dok se ona okre\u0107e, i na taj na\u010din otpu\u0161ta nasnimljeni zvuk. Njima su se slu\u017eili na\u0161i noni\u0107i i none.<\/p>\n<p style=\"text-align: justify;\">Desna slika prikazuje jedan od najstarijih gramofona u Hrvatskoj s kraja 19. stolje\u0107a!<\/p>\n<p style=\"text-align: center;\"><img loading=\"lazy\" style=\"margin: 3px;\" alt=\"tn_3a medalja\" src=\"http:\/\/djecjikutak.bantic.net\/wp-content\/uploads\/2013\/04\/tn_3a-medalja.jpg\" width=\"220\" height=\"240\" \/> <img loading=\"lazy\" style=\"margin: 3px;\" alt=\"tn_3b medalja\" src=\"http:\/\/djecjikutak.bantic.net\/wp-content\/uploads\/2013\/04\/tn_3b-medalja.jpg\" width=\"200\" height=\"240\" \/><\/p>\n<p style=\"text-align: justify;\">Muzej prikuplja i stare medalje s kojima su se nagra\u0111ivali pobjednici ili s kojima se ljudima odavalo priznanje za njihov rad.<br \/>\nMedalje su naj\u010de\u0161\u0107e plo\u010dice koje sadr\u017ee neki jednostavni crte\u017e, a mogu sadr\u017eavati i kra\u0107i tekst. Primjerice u sportu se dodjeljuju bron\u010dane, srebrne i zlatne medalje!<\/p>\n<p style=\"text-align: center;\"><img loading=\"lazy\" style=\"margin: 3px;\" alt=\"tn_4a zemljopisna karta\" src=\"http:\/\/djecjikutak.bantic.net\/wp-content\/uploads\/2013\/04\/tn_4a-zemljopisna-karta.jpg\" width=\"242\" height=\"200\" \/> <img loading=\"lazy\" style=\"margin: 3px;\" alt=\"tn_4b zemljopisna karta\" src=\"http:\/\/djecjikutak.bantic.net\/wp-content\/uploads\/2013\/04\/tn_4b-zemljopisna-karta.jpg\" width=\"252\" height=\"200\" \/><\/p>\n<p style=\"text-align: justify;\">Me\u0111u predmetima koji su va\u017eni za Muzej grada Rijeke jesu i stari planovi grada te karte koje pokazuju gdje su u pro\u0161losti bile granice me\u0111u pokrajinama, dr\u017eavama, carstvima i kraljevstvima. Podru\u010dje grada Rijeke u davnoj je pro\u0161losti pripadalo mo\u0107nom i velikom Rimskom Carstvu, za koje si zasigurno \u010duo\/\u010dula u pri\u010di o Asterixu i Obelixu koji su bili u neprekidnom sukobu s Rimljanima.<\/p>\n<p style=\"text-align: center;\"><img loading=\"lazy\" style=\"margin: 3px;\" alt=\"tn_5 \u017earulja\" src=\"http:\/\/djecjikutak.bantic.net\/wp-content\/uploads\/2013\/04\/tn_5-\u017earulja.jpg\" width=\"202\" height=\"200\" \/><\/p>\n<p style=\"text-align: justify;\">Pita\u0161 se \u0161to je ovo pred tobom! To je stara \u017earulja koja se koristila prije mnogo godina, a svjedo\u010di o napretku znanosti. Dana\u0161nje su \u017earulje znatno manje od ove.<\/p>\n<p style=\"text-align: center;\"><img loading=\"lazy\" style=\"margin: 3px;\" alt=\"tn_6a namje\u0161taj\" src=\"http:\/\/djecjikutak.bantic.net\/wp-content\/uploads\/2013\/04\/tn_6a-namje\u0161taj.jpg\" width=\"202\" height=\"200\" \/><span style=\"text-decoration: underline;\"><img loading=\"lazy\" style=\"margin: 3px;\" alt=\"tn_6b namje\u0161taj\" src=\"http:\/\/djecjikutak.bantic.net\/wp-content\/uploads\/2013\/04\/tn_6b-namje\u0161taj.jpg\" width=\"296\" height=\"198\" \/><\/span><\/p>\n<p style=\"text-align: justify;\">U na\u0161em se Muzeju \u010duva i stari namje\u0161taj kakav se danas vi\u0161e ne izra\u0111uje. Pred tobom je slika kompleta za hranjenje djeteta, koji se sastoji od stolice i stoli\u0107a na kota\u010di\u0107ima. U prodavaonicama dje\u010dje opreme danas se prodaje druga\u010diji namje\u0161taj koji je modernijeg izgleda, te nije izra\u0111en ru\u010dno nego je proizveden u tvornici. Taj je namje\u0161taj za razliku od ovog drvenog kompleta sa slike, naj\u010de\u0161\u0107e plasti\u010dan ili metalan, a sjede\u0107i mu je dio oblo\u017een mekim jastu\u010di\u0107em kako bi djetetu bilo \u0161to udobnije.<br \/>\nU Muzeju se tako\u0111er \u010duva i &#8220;namje\u0161taj za odrasle&#8221;!<\/p>\n<p style=\"text-align: center;\"><img loading=\"lazy\" style=\"margin: 3px;\" alt=\"tn_7a sat\" src=\"http:\/\/djecjikutak.bantic.net\/wp-content\/uploads\/2013\/04\/tn_7a-sat.jpg\" width=\"228\" height=\"240\" \/> <img loading=\"lazy\" style=\"margin: 3px;\" alt=\"tn_7b sat\" src=\"http:\/\/djecjikutak.bantic.net\/wp-content\/uploads\/2013\/04\/tn_7b-sat.jpg\" width=\"160\" height=\"240\" \/> <img loading=\"lazy\" style=\"margin: 3px;\" alt=\"tn_7c sat\" src=\"http:\/\/djecjikutak.bantic.net\/wp-content\/uploads\/2013\/04\/tn_7c-sat.jpg\" width=\"160\" height=\"240\" \/><\/p>\n<p style=\"text-align: justify;\">Muzej je dosad prikupio oko \u010detrdeset satova, starih izme\u0111u osamdeset i dvjesto godina. Lako mogu\u0107e da \u0107e ti se neki od njih u\u010diniti poznatim, jer mnogi noni\u0107i i none u svojim domovima jo\u0161 uvijek \u010duvaju sli\u010dne stare satove.<\/p>\n<p style=\"text-align: center;\"><img loading=\"lazy\" style=\"margin: 3px;\" alt=\"tn_8 slikovnica za male filateliste\" src=\"http:\/\/djecjikutak.bantic.net\/wp-content\/uploads\/2013\/04\/tn_8-slikovnica-za-male-filateliste.jpg\" width=\"170\" height=\"240\" \/><\/p>\n<p style=\"text-align: justify;\">Filatelist je naziv za osobu koja se bavi skupljanjem po\u0161tanskih maraka. Pred tobom je album u obliku slikovnice koji su popunjavala djeca filatelisti. Star je vi\u0161e od \u0161ezdeset godina. Sadr\u017ei tekst o povijesti razno\u0161enja po\u0161te i bogato je ukra\u0161en crte\u017eima.<\/p>\n<p style=\"text-align: center;\"><img loading=\"lazy\" style=\"margin: 3px;\" alt=\"tn_9a razglednica\" src=\"http:\/\/djecjikutak.bantic.net\/wp-content\/uploads\/2013\/04\/tn_9a-razglednica-300x194.jpg\" width=\"300\" height=\"194\" \/> <img loading=\"lazy\" style=\"margin: 3px;\" alt=\"tn_9b razglednica\" src=\"http:\/\/djecjikutak.bantic.net\/wp-content\/uploads\/2013\/04\/tn_9b-razglednica-300x185.jpg\" width=\"300\" height=\"185\" \/><\/p>\n<p style=\"text-align: justify;\">U Muzeju se \u010duvaju mnogobrojne razglednice. Razglednica je karton\u010di\u0107 sa slikom nekog mjesta ili njegove znamenitosti s jedne strane i s tekstom s druge strane. Na\u0161 Muzej sakuplja razglednice sa slikama grada Rijeke ili rije\u010dke okolice. Korzo, Gradska ura, katedrala Sv. Vida, luka, riva, kazali\u0161te Ivana pl. Zajca i trsatska crkva Majke Bo\u017eje vrlo su se \u010desto pojavljivali na starim razglednicama. One su za nas danas zna\u010dajne jer nam svjedo\u010de o tome kako su nekada izgledali pojedini dijelovi na\u0161eg grada. Uz to zanimljiv je i zna\u010dajan tekst koji sadr\u017ee jer on otkriva koje su probleme i radosti do\u017eivljavali ljudi prije vi\u0161e od sto godina.<\/p>\n<p style=\"text-align: center;\"><img loading=\"lazy\" style=\"margin: 3px;\" alt=\"tn_10 fotografija\" src=\"http:\/\/djecjikutak.bantic.net\/wp-content\/uploads\/2013\/04\/tn_10-fotografija.jpg\" width=\"288\" height=\"200\" \/> <img loading=\"lazy\" alt=\"10-b-dagerotipija\" src=\"https:\/\/djecjikutak.muzej-rijeka.hr\/wp-content\/uploads\/2013\/05\/10-b-dagerotipija.jpg\" width=\"144\" height=\"200\" \/><\/p>\n<p style=\"text-align: justify;\">Prva fotografija nastala je 1822. (prije 191 godinu!). Francuski inovator Joseph Nic\u00e9phore Ni\u00e9pce prvi je fotografirao neki predmet.<\/p>\n<p style=\"text-align: justify;\">U Muzeju grada Rijeke nalaze se fotografije uglavnom doma\u0107ih autora, koje su snimljene u Rijeci i okolici. Prikazuju kulturne znamenitosti, javne proslave, sportska doga\u0111anja, doga\u0111aje vezane uz ratna zbivanja i drugo. Lijeva fotografija prikazuje most preko Rje\u010dine ispred Hotela Kontinental.<\/p>\n<p style=\"text-align: justify;\">Najvrjedniji primjerak Zbirke fotografija je dagerotipija koja prikazuje bra\u0107u Antona i Alfreda Vallentsitsa. Prvi je, izme\u0111u ostalog, poznat po tome \u0161to je bio gradona\u010delnik Rijeke, dok je drugi ostvario vojni\u010dku karijeru. Fotografija je stara vi\u0161e od 150 godina, a budu\u0107i da je nastala najstarijim postupkom fotografiranja, nazvanim prema njegovom izumitelju Daguerreu, nazivamo ju dagerotipija.<\/p>\n<p style=\"text-align: center;\"><img loading=\"lazy\" style=\"margin: 3px;\" alt=\"tn_11b\" src=\"http:\/\/djecjikutak.bantic.net\/wp-content\/uploads\/2013\/04\/tn_11b.jpg\" width=\"271\" height=\"200\" \/><img loading=\"lazy\" style=\"margin: 3px;\" alt=\"tn_11a\" src=\"http:\/\/djecjikutak.bantic.net\/wp-content\/uploads\/2013\/04\/tn_11a.jpg\" width=\"288\" height=\"200\" \/><\/p>\n<p style=\"text-align: justify;\">Na\u0161 grad ima dugu tradiciju odr\u017eavanja kazali\u0161nih predstava. Rijeka je u pro\u0161losti imala vi\u0161e manjih kazali\u0161ta koje su Rije\u010dani i njihovi gosti rado posje\u0107ivali. Prije kazali\u0161ta Ivana pl. Zajca, najve\u0107e je kazali\u0161te bilo ono koje je dao izgraditi poduzetnik Andrija Ljudevit Adami\u0107, po kojemu je kazali\u0161te dobilo ime Adami\u0107evo kazali\u0161te. Ono je nakon nekog vremena postalo premalo za sve ve\u0107i broj posjetioca. Nalazilo se na mjestu na kojem je kasnije izgra\u0111ena dana\u0161nja zgrada Gradske knji\u017enice<em>.<\/em> U njoj su se, prije negoli je postala knji\u017enica, tako\u0111er odr\u017eavale manje predstave za koje je bila predvi\u0111ena sve\u010dana dvorana s pozornicom na prvom katu.<br \/>\nNovo veliko kazali\u0161te, koje danas nosi naziv prema Ivanu Zajcu, rije\u010dkom skladatelju i dirigentu, izgra\u0111eno je u blizini tr\u017enice. Podignuto je prije 130 godina, prema projektu be\u010dkih arhitekata Hermanna Helmera i Ferdinanda Fellnera.<br \/>\nU kazali\u0161tu je do danas odigrano mnogo opernih, dramskih i baletnih predstava, a pred tom su skice za kostime koje su nosili glumci u predstavi Hamlet.<\/p>\n<p style=\"text-align: center;\"><img loading=\"lazy\" style=\"margin: 3px;\" alt=\"tn_12\" src=\"http:\/\/djecjikutak.bantic.net\/wp-content\/uploads\/2013\/04\/tn_12.jpg\" width=\"170\" height=\"200\" \/><\/p>\n<p style=\"text-align: justify;\">Dio ljudske povijesti na\u017ealost \u010dine i ratni sukobi, stoga Muzej prikuplja i staro oru\u017eje iz obaju Svjetskih ratova te iz Domovinskog rata. U Muzeju se nalaze i osobni predmeti zarobljenika Drugog svjetskog rata, koji nas podsje\u0107aju na tragi\u010dne ljudske sudbine. Pred tobom je dnevnik kojeg je kao \u0161esnaestogodi\u0161njakinja po\u010dela pisati Su\u0161a\u010danka Milojka Mezorana. Sadr\u017ei potresne opise <em><\/em>doga\u0111aja koje je uzrokovao rat.<\/p>\n<p style=\"text-align: center;\"><img loading=\"lazy\" style=\"margin: 3px;\" alt=\"tn_13\" src=\"http:\/\/djecjikutak.bantic.net\/wp-content\/uploads\/2013\/04\/tn_13.jpg\" width=\"143\" height=\"200\" \/><\/p>\n<p style=\"text-align: justify;\">Muzej \u010duva i stare novine, plakate, letke, proglase (javna priop\u0107enja povodom nekog va\u017enog doga\u0111aja) i ostali tiskani materijal koji je vezan uz Rijeku.<\/p>\n<p style=\"text-align: center;\"><img loading=\"lazy\" style=\"margin: 3px;\" alt=\"tn_14 filmska gra\u0111a\" src=\"http:\/\/djecjikutak.bantic.net\/wp-content\/uploads\/2013\/04\/tn_14-filmska-gra\u0111a.jpg\" width=\"171\" height=\"240\" \/><\/p>\n<p style=\"text-align: justify;\">U\u010denici vi\u0161ih razreda osnovne \u0161kole u\u010de o filmu i znaju da rije\u010d film ima dva zna\u010denja. Film je vrpca za snimanje odnosno filmska traka, ali i dokumentarno i glumljeno (igrano) djelo snimljeno na filmsku traku. Muzej uglavnom \u010duva filmove rije\u010dkih autora ili filmove o Rijeci, te plakate filmskih predstava i opremu kori\u0161tenu za snimanje.<\/p>\n<p style=\"text-align: center;\"><img loading=\"lazy\" style=\"margin: 3px;\" alt=\"tn_15\" src=\"http:\/\/djecjikutak.bantic.net\/wp-content\/uploads\/2013\/04\/tn_15.jpg\" width=\"139\" height=\"200\" \/><\/p>\n<p style=\"text-align: justify;\">Muzej grada Rijeke \u010duva i mnoge druge predmete koji svjedo\u010de o povijesti grada i njegovih stanovnika.<br \/>\nPred tobom je slika automata za \u010dokoladu starog 87 godina!<\/p>\n<p style=\"text-align: justify;\">Svi ovi predmeti \u010duvaju se na drugom katu Muzeja, u velikom i za to prilago\u0111enom prostoru koji se zove <strong><span style=\"color: #ff6600;\">\u010duvaonica<\/span><\/strong> ili <strong><span style=\"color: #ff6600;\">depo<\/span><\/strong>. Muzej tijekom godine priredi nekoliko razli\u010ditih izlo\u017ebi, kojima posjetiocima predstavi dio predmeta koje \u010duva. Posjeti nas do kraja \u0161kolske godine sa svojim razredom ili do kraja ljeta do\u0111i s roditeljima ili s nonom i noni\u0107em, i razgledaj izlo\u017ebu starih satova. Mo\u017eda \u0107e ti nona i nono pokazati na izlo\u017ebi kakav su oni sat imali u mladosti.<\/p>\n<p style=\"text-align: justify;\">Koje \u0107emo sljede\u0107e predmete izvaditi iz depoa i izlo\u017eiti na izlo\u017ebi, jo\u0161 \u0107emo neko vrijeme dr\u017eati u tajnosti! Redovito posje\u0107uj moju stranicu kako bi na vrijeme doznao\/doznala datum otvaranja nove izlo\u017ebe.<\/p>\n","protected":false},"excerpt":{"rendered":"<p>Muzej grada Rijeke postoji ve\u0107 19 godina! Svoj ro\u0111endan slavi 11. travnja, a sljede\u0107e godine planira veliku proslavu povodom svog jubilarnog 20. ro\u0111endana. U zgradi Muzeja, koja se nalazi kraj Guvernerove pala\u010de, i prije je djelovao jedan muzej koji se zvao Muzej narodne revolucije, a bavio se isklju\u010divo prikupljanjem predmeta vezanih uz borbu naroda za [&hellip;]<\/p>\n","protected":false},"author":2,"featured_media":0,"parent":0,"menu_order":0,"comment_status":"open","ping_status":"closed","template":"","meta":[],"_links":{"self":[{"href":"https:\/\/djecjikutak.muzej-rijeka.hr\/index.php\/wp-json\/wp\/v2\/pages\/16"}],"collection":[{"href":"https:\/\/djecjikutak.muzej-rijeka.hr\/index.php\/wp-json\/wp\/v2\/pages"}],"about":[{"href":"https:\/\/djecjikutak.muzej-rijeka.hr\/index.php\/wp-json\/wp\/v2\/types\/page"}],"author":[{"embeddable":true,"href":"https:\/\/djecjikutak.muzej-rijeka.hr\/index.php\/wp-json\/wp\/v2\/users\/2"}],"replies":[{"embeddable":true,"href":"https:\/\/djecjikutak.muzej-rijeka.hr\/index.php\/wp-json\/wp\/v2\/comments?post=16"}],"version-history":[{"count":0,"href":"https:\/\/djecjikutak.muzej-rijeka.hr\/index.php\/wp-json\/wp\/v2\/pages\/16\/revisions"}],"wp:attachment":[{"href":"https:\/\/djecjikutak.muzej-rijeka.hr\/index.php\/wp-json\/wp\/v2\/media?parent=16"}],"curies":[{"name":"wp","href":"https:\/\/api.w.org\/{rel}","templated":true}]}}