{"id":18,"date":"2013-05-09T16:39:17","date_gmt":"2013-05-09T16:39:17","guid":{"rendered":"http:\/\/djecjikutak.muzej-rijeka.hr\/?page_id=18"},"modified":"2013-11-10T22:03:37","modified_gmt":"2013-11-10T22:03:37","slug":"otkrijmo-zajedno-dvoriste-muzeja","status":"publish","type":"page","link":"https:\/\/djecjikutak.muzej-rijeka.hr\/index.php\/o-nasem-muzeju\/otkrijmo-zajedno-dvoriste-muzeja\/","title":{"rendered":"Otkrijmo zajedno dvori\u0161te Muzeja"},"content":{"rendered":"<p style=\"text-align: justify;\"><strong><span style=\"color: #ff6600;\">Legenda o <em>Adami\u0107evim svjedocima<\/em><\/span><\/strong><\/p>\n<p style=\"text-align: justify;\">U prostranom dvori\u0161tu Muzeja tako\u0111er mo\u017ee\u0161 ugodno provesti vrijeme. Za lijepog vremena ono je obasjano sun\u010devom svjetlo\u0161\u0107u, od koje se ljeti mo\u017ee\u0161 skloniti u malom, ali dragocjenom hladu nekoliko crnogori\u010dnih stabala. Ondje \u0107e ti dru\u0161tvo praviti vi\u0161e od dvjesto godina stari kameni <em>Adami\u0107evi svjedoci,<\/em> koji pripadaju Pomorskom i povijesnom muzeju Hrvatskog primorja u Guvernerovoj pala\u010di, s kojim Muzej Grada dijeli perivoj (posebno osmi\u0161ljen park).<br \/>\nRije\u010d je o kamenim skulpturama koje na groteskan (rugaju\u0107i) na\u010din prikazuju ljude (svjedoke) koji su se zamjerili Simeonu Adami\u0107u (bogatom trgovcu duhanom i veleposjedniku), optu\u017eiv\u0161i ga da je prona\u0161ao blago na svom posjedu za koje nije platio porez. Obitelj Adami\u0107 osvetila im se time \u0161to je dala izraditi njihove likove, nalik stupovima s ljudskom glavom, koje je postavila ispred svoje ku\u0107e uz Rje\u010dinu, tako da svi doznaju za njih i njihovu la\u017e. S vremenom se jedan \u201esvjedok\u201c izgubio, pa je samo njih trinaest kasnije premje\u0161teno u muzejsko dvori\u0161te, gdje s ostalom kamenom skulpturom Pomorskog i povijesnog muzeja \u010dine njegov <strong>lapidarij<\/strong> \u2013 dio muzeja namijenjen kamenim spomenicima koji se \u010desto nalazi na otvorenom jer je kamen otporan na razli\u010dite vremenske uvjete.<\/p>\n<p style=\"text-align: center;\"><img loading=\"lazy\" style=\"margin: 3px;\" alt=\"tn_1phts\" src=\"http:\/\/djecjikutak.bantic.net\/wp-content\/uploads\/2013\/04\/tn_1phts1.jpg\" width=\"240\" height=\"180\" \/> <img loading=\"lazy\" style=\"margin: 3px;\" alt=\"tn_2phts\" src=\"http:\/\/djecjikutak.bantic.net\/wp-content\/uploads\/2013\/04\/tn_2phts1.jpg\" width=\"240\" height=\"180\" \/><\/p>\n<p style=\"text-align: justify;\"><strong><span style=\"color: #ff6600;\">Torpedo<\/span><\/strong><\/p>\n<p style=\"text-align: justify;\">Odmah prilikom ulaska u dvori\u0161te opazit \u0107e\u0161 nekoliko izdu\u017eenih metalnih grdosija, kraj kojih se na\u0161i posjetioci \u010desto fotografiraju, jer su one va\u017ene za rije\u010dku povijest. Radi se o veoma mo\u0107nom i neobi\u010dnom oru\u017eju koje se prije dosta godina proizvodilo u Rijeci. Nazvano je prema ribi latinskog imena Torpedo marmorata (hrv. imena drhtulja \u0161arulja). S obzirom na to da torpedo nalikuje na rep spomenute ribe, upravo je njeno ime izabrano kao naziv za oru\u017eje.<\/p>\n<p style=\"text-align: justify;\">Postoji jo\u0161 jedna sli\u010dnost me\u0111u njima. Naime drhtulja \u0161arulja se tijekom dana zavla\u010di u morski pijesak i mulj, gdje ju druge \u017eivotinje  te\u0161ko mogu primijetiti, kao \u0161to i neprijateljski brod nije mogao lako opaziti torpedo, budu\u0107i da se on kretao pod morem.<\/p>\n<p style=\"text-align: justify;\">Torpeda izlo\u017eena u dvori\u0161tu su bezopasna!<\/p>\n<p><img loading=\"lazy\" class=\"size-full wp-image-203 aligncenter\" alt=\"tn_3phts\" src=\"http:\/\/djecjikutak.bantic.net\/wp-content\/uploads\/2013\/04\/tn_3phts1.jpg\" width=\"240\" height=\"180\" \/><\/p>\n","protected":false},"excerpt":{"rendered":"<p>Legenda o Adami\u0107evim svjedocima U prostranom dvori\u0161tu Muzeja tako\u0111er mo\u017ee\u0161 ugodno provesti vrijeme. Za lijepog vremena ono je obasjano sun\u010devom svjetlo\u0161\u0107u, od koje se ljeti mo\u017ee\u0161 skloniti u malom, ali dragocjenom hladu nekoliko crnogori\u010dnih stabala. Ondje \u0107e ti dru\u0161tvo praviti vi\u0161e od dvjesto godina stari kameni Adami\u0107evi svjedoci, koji pripadaju Pomorskom i povijesnom muzeju Hrvatskog [&hellip;]<\/p>\n","protected":false},"author":2,"featured_media":0,"parent":16,"menu_order":0,"comment_status":"open","ping_status":"closed","template":"","meta":[],"_links":{"self":[{"href":"https:\/\/djecjikutak.muzej-rijeka.hr\/index.php\/wp-json\/wp\/v2\/pages\/18"}],"collection":[{"href":"https:\/\/djecjikutak.muzej-rijeka.hr\/index.php\/wp-json\/wp\/v2\/pages"}],"about":[{"href":"https:\/\/djecjikutak.muzej-rijeka.hr\/index.php\/wp-json\/wp\/v2\/types\/page"}],"author":[{"embeddable":true,"href":"https:\/\/djecjikutak.muzej-rijeka.hr\/index.php\/wp-json\/wp\/v2\/users\/2"}],"replies":[{"embeddable":true,"href":"https:\/\/djecjikutak.muzej-rijeka.hr\/index.php\/wp-json\/wp\/v2\/comments?post=18"}],"version-history":[{"count":0,"href":"https:\/\/djecjikutak.muzej-rijeka.hr\/index.php\/wp-json\/wp\/v2\/pages\/18\/revisions"}],"up":[{"embeddable":true,"href":"https:\/\/djecjikutak.muzej-rijeka.hr\/index.php\/wp-json\/wp\/v2\/pages\/16"}],"wp:attachment":[{"href":"https:\/\/djecjikutak.muzej-rijeka.hr\/index.php\/wp-json\/wp\/v2\/media?parent=18"}],"curies":[{"name":"wp","href":"https:\/\/api.w.org\/{rel}","templated":true}]}}