{"id":20,"date":"2013-05-09T16:39:46","date_gmt":"2013-05-09T16:39:46","guid":{"rendered":"http:\/\/djecjikutak.muzej-rijeka.hr\/?page_id=20"},"modified":"2013-05-15T18:45:27","modified_gmt":"2013-05-15T18:45:27","slug":"zgrada-muzeja","status":"publish","type":"page","link":"https:\/\/djecjikutak.muzej-rijeka.hr\/index.php\/o-nasem-muzeju\/zgrada-muzeja\/","title":{"rendered":"Zgrada muzeja"},"content":{"rendered":"<p style=\"text-align: justify;\">Zgrada Muzeja pomalo je neobi\u010dnog izgleda. Lako \u0107e\u0161 ju prepoznati jer nalikuje na visoki bijeli kvadar s jednim velikim prozorom u gornjem lijevom kutu, s prednje strane zgrade. Osmislio ju je 1976. godine arhitekt Neven \u0160egvi\u0107.<br \/>\nPosebna je po tome \u0161to je izgra\u0111ena upravo s namjerom da se u njoj nalazi muzej, \u0161to je u Hrvatskoj prava rijetkost. Uglavnom su oni smje\u0161teni u gra\u0111evinama koje su u po\u010detku imale neku drugu namjenu. Primjerice Muzej moderne i suvremene umjetnosti u Rijeci (skra\u0107eno MMSU), smje\u0161ten je u zgradi koja je prvotno slu\u017eila kao \u0161kola za djevoj\u010dice, a nalazi se preko puta Hotela Bonavia na Dolcu. Pomorski i povijesni muzej Hrvatskog primorja smje\u0161ten je pak u Guvernerovoj pala\u010di, odnosno u biv\u0161oj rezidenciji rije\u010dkog guvernera.<br \/>\nMuzej grada Rijeke nalazi se u istom dvori\u0161tu u kojem je i Guvernerova pala\u010da, a nedaleko njih su i drugi rije\u010dki muzeji (MMSU, Prirodoslovni muzej i muzej informatike Peek&amp;Poke) pa ih nemoj propustiti sve posjetiti!<\/p>\n<p style=\"text-align: center;\"><a href=\"https:\/\/djecjikutak.muzej-rijeka.hr\/wp-content\/uploads\/2013\/05\/IMG_41324.jpg\"><img loading=\"lazy\" class=\"size-medium wp-image-103 aligncenter\" alt=\"IMG_4132\" src=\"https:\/\/djecjikutak.muzej-rijeka.hr\/wp-content\/uploads\/2013\/05\/IMG_41324-249x300.jpg\" width=\"249\" height=\"300\" srcset=\"https:\/\/djecjikutak.muzej-rijeka.hr\/wp-content\/uploads\/2013\/05\/IMG_41324-249x300.jpg 249w, https:\/\/djecjikutak.muzej-rijeka.hr\/wp-content\/uploads\/2013\/05\/IMG_41324.jpg 666w\" sizes=\"(max-width: 249px) 100vw, 249px\" \/><\/a><\/p>\n<p style=\"text-align: justify;\">Zgrada Muzeja grada Rijeke je trokatnica u kojoj se izlo\u017ebe odr\u017eavaju u prizemlju te na prvom i tre\u0107em katu. Na drugom se katu nalazi <strong><span style=\"color: #ff6600;\">depo<\/span><\/strong> ili<strong><span style=\"color: #ff6600;\"> \u010duvaonica<\/span><\/strong> predmeta \u2013 njihov dom!<br \/>\nOndje se o njima s posebnom pa\u017enjom brinu djelatnici Muzeja, koji trebaju voditi brigu o tome da im ne bude ni previ\u0161e toplo niti previ\u0161e hladno. Naime, temperatura zraka u depou tijekom cijele godine ne bi se trebala spusti ispod 16\u00b0 C i podi\u0107i iznad 18\u00b0 C. Tako\u0111er trebaju pratiti koliko je vlage u zraku, jer predmetima ne odgovara niti presuh niti prevla\u017ean zrak.<br \/>\nNa ovaj se na\u010din, izme\u0111u ostalog, sprje\u010dava nastanak malih organizama (gljivica) u muzejskim predmetima izra\u0111enim od prirodnih materijala (npr. u kostimima, odje\u0107i, obu\u0107i, pokrivalima za glavu, tapiserijama, drvenim i papirnim predmetima i sl.), te se sprje\u010dava njihovo rastezanje, su\u017eavanje itd. Blije\u0111enje boje mo\u017ee biti uzrokovano intenzivnom umjetnom svjetlo\u0161\u0107u, stoga se u depou svjetlo pali samo kada je to potrebno. Svo ostalo vrijeme predmeti se nalaze u polumraku ili mraku.<\/p>\n","protected":false},"excerpt":{"rendered":"<p>Zgrada Muzeja pomalo je neobi\u010dnog izgleda. Lako \u0107e\u0161 ju prepoznati jer nalikuje na visoki bijeli kvadar s jednim velikim prozorom u gornjem lijevom kutu, s prednje strane zgrade. Osmislio ju je 1976. godine arhitekt Neven \u0160egvi\u0107. Posebna je po tome \u0161to je izgra\u0111ena upravo s namjerom da se u njoj nalazi muzej, \u0161to je u [&hellip;]<\/p>\n","protected":false},"author":2,"featured_media":0,"parent":16,"menu_order":0,"comment_status":"open","ping_status":"closed","template":"","meta":[],"_links":{"self":[{"href":"https:\/\/djecjikutak.muzej-rijeka.hr\/index.php\/wp-json\/wp\/v2\/pages\/20"}],"collection":[{"href":"https:\/\/djecjikutak.muzej-rijeka.hr\/index.php\/wp-json\/wp\/v2\/pages"}],"about":[{"href":"https:\/\/djecjikutak.muzej-rijeka.hr\/index.php\/wp-json\/wp\/v2\/types\/page"}],"author":[{"embeddable":true,"href":"https:\/\/djecjikutak.muzej-rijeka.hr\/index.php\/wp-json\/wp\/v2\/users\/2"}],"replies":[{"embeddable":true,"href":"https:\/\/djecjikutak.muzej-rijeka.hr\/index.php\/wp-json\/wp\/v2\/comments?post=20"}],"version-history":[{"count":0,"href":"https:\/\/djecjikutak.muzej-rijeka.hr\/index.php\/wp-json\/wp\/v2\/pages\/20\/revisions"}],"up":[{"embeddable":true,"href":"https:\/\/djecjikutak.muzej-rijeka.hr\/index.php\/wp-json\/wp\/v2\/pages\/16"}],"wp:attachment":[{"href":"https:\/\/djecjikutak.muzej-rijeka.hr\/index.php\/wp-json\/wp\/v2\/media?parent=20"}],"curies":[{"name":"wp","href":"https:\/\/api.w.org\/{rel}","templated":true}]}}