{"id":386,"date":"2013-07-29T12:45:00","date_gmt":"2013-07-29T12:45:00","guid":{"rendered":"http:\/\/djecjikutak.muzej-rijeka.hr\/?page_id=386"},"modified":"2013-07-29T13:47:45","modified_gmt":"2013-07-29T13:47:45","slug":"zanimljivostikidaonica","status":"publish","type":"page","link":"https:\/\/djecjikutak.muzej-rijeka.hr\/index.php\/zanimljivostikidaonica\/","title":{"rendered":"Zanimljivosti"},"content":{"rendered":"<p><em><span style=\"color: #c8c836;\"><strong>&#8220;Time flies like an arrow; fruit flies like a banana.&#8221;\/&#8221;Vrijeme leti kao strijela; vo\u0107e kao banana.&#8221;<\/strong><\/span><\/em><\/p>\n<p style=\"text-align: right;\"><span style=\"color: #000000;\">Groucho Marx, komi\u010dar<\/span><\/p>\n<p>&nbsp;<\/p>\n<p>Zna\u0161 li da postoje vrlo neobi\u010dni muzeji poput muzeja kose, pse\u0107ih ogrlica, parazita, velikih cipela, banana&#8230; Ovaj posljednji nalazi se u Washingtonu i sadr\u017ei oko 4000 razli\u010ditih predmeta s motivom banane. Sakupila ih je Ann Mitchell Lovell, koja isti\u010de da je rije\u010d o prvom egzoti\u010dnom vo\u0107u koje se po\u010delo prodavati u SAD-u. U prosjeku svaki Amerikanac pojede godi\u0161nje 156 banana, dok Ann svaki dan pojede barem jednu.<br \/>\nTek prije stotinjak godina i Europljani su prvi put okusili ovo vo\u0107e. Bilo je to u vrijeme velikih seoba u Ameriku, a ona je ve\u0107ini imigranata (useljenika) bila toliko egzoti\u010dna da ju navodno nisu znali jesti.<\/p>\n<p>Me\u0111u veoma neobi\u010dnim muzejskim predmetima nalaze se instrumenti, igra\u010dke, suveniri, fotografije, plakati, razglednice, nov\u010di\u0107i, odje\u0107a, a sve u obliku ili s motivom, poga\u0111a\u0161, banane!<\/p>\n","protected":false},"excerpt":{"rendered":"<p>&#8220;Time flies like an arrow; fruit flies like a banana.&#8221;\/&#8221;Vrijeme leti kao strijela; vo\u0107e kao banana.&#8221; Groucho Marx, komi\u010dar &nbsp; Zna\u0161 li da postoje vrlo neobi\u010dni muzeji poput muzeja kose, pse\u0107ih ogrlica, parazita, velikih cipela, banana&#8230; Ovaj posljednji nalazi se u Washingtonu i sadr\u017ei oko 4000 razli\u010ditih predmeta s motivom banane. Sakupila ih je Ann [&hellip;]<\/p>\n","protected":false},"author":2,"featured_media":0,"parent":0,"menu_order":0,"comment_status":"closed","ping_status":"closed","template":"","meta":[],"_links":{"self":[{"href":"https:\/\/djecjikutak.muzej-rijeka.hr\/index.php\/wp-json\/wp\/v2\/pages\/386"}],"collection":[{"href":"https:\/\/djecjikutak.muzej-rijeka.hr\/index.php\/wp-json\/wp\/v2\/pages"}],"about":[{"href":"https:\/\/djecjikutak.muzej-rijeka.hr\/index.php\/wp-json\/wp\/v2\/types\/page"}],"author":[{"embeddable":true,"href":"https:\/\/djecjikutak.muzej-rijeka.hr\/index.php\/wp-json\/wp\/v2\/users\/2"}],"replies":[{"embeddable":true,"href":"https:\/\/djecjikutak.muzej-rijeka.hr\/index.php\/wp-json\/wp\/v2\/comments?post=386"}],"version-history":[{"count":0,"href":"https:\/\/djecjikutak.muzej-rijeka.hr\/index.php\/wp-json\/wp\/v2\/pages\/386\/revisions"}],"wp:attachment":[{"href":"https:\/\/djecjikutak.muzej-rijeka.hr\/index.php\/wp-json\/wp\/v2\/media?parent=386"}],"curies":[{"name":"wp","href":"https:\/\/api.w.org\/{rel}","templated":true}]}}