{"id":6,"date":"2013-05-09T16:33:51","date_gmt":"2013-05-09T16:33:51","guid":{"rendered":"http:\/\/djecjikutak.muzej-rijeka.hr\/?page_id=6"},"modified":"2013-05-09T16:33:51","modified_gmt":"2013-05-09T16:33:51","slug":"kontakt","status":"publish","type":"page","link":"https:\/\/djecjikutak.muzej-rijeka.hr\/index.php\/kontakt\/","title":{"rendered":"Kontakt"},"content":{"rendered":"<p>\u017deli\u0161 li postaviti neko pitanje, napisati komentar ili te zanima kada mo\u017ee\u0161 preuzeti svoj rad s edukativno-kreativne radionice, pi\u0161i nam na info@muzej-rijeka.hr i uskoro o\u010dekuj odgovor!<\/p>\n<p>\u017deli\u0161 li da te putem e-maila obavje\u0161tavamo o otvorenjima izlo\u017ebi, odr\u017eavanju edukativno-kreativnih radionica, projekcijama filmova, predavanjima i ostalim doga\u0111anjima i manifestacijama u Muzeju, po\u0161alji nam e-mail sadr\u017eaja \u201e\u017eelim pozivnicu\u201c na info@muzej-rijeka.hr.<\/p>\n","protected":false},"excerpt":{"rendered":"<p>\u017deli\u0161 li postaviti neko pitanje, napisati komentar ili te zanima kada mo\u017ee\u0161 preuzeti svoj rad s edukativno-kreativne radionice, pi\u0161i nam na info@muzej-rijeka.hr i uskoro o\u010dekuj odgovor! \u017deli\u0161 li da te putem e-maila obavje\u0161tavamo o otvorenjima izlo\u017ebi, odr\u017eavanju edukativno-kreativnih radionica, projekcijama filmova, predavanjima i ostalim doga\u0111anjima i manifestacijama u Muzeju, po\u0161alji nam e-mail sadr\u017eaja \u201e\u017eelim pozivnicu\u201c [&hellip;]<\/p>\n","protected":false},"author":2,"featured_media":0,"parent":0,"menu_order":0,"comment_status":"open","ping_status":"closed","template":"","meta":[],"_links":{"self":[{"href":"https:\/\/djecjikutak.muzej-rijeka.hr\/index.php\/wp-json\/wp\/v2\/pages\/6"}],"collection":[{"href":"https:\/\/djecjikutak.muzej-rijeka.hr\/index.php\/wp-json\/wp\/v2\/pages"}],"about":[{"href":"https:\/\/djecjikutak.muzej-rijeka.hr\/index.php\/wp-json\/wp\/v2\/types\/page"}],"author":[{"embeddable":true,"href":"https:\/\/djecjikutak.muzej-rijeka.hr\/index.php\/wp-json\/wp\/v2\/users\/2"}],"replies":[{"embeddable":true,"href":"https:\/\/djecjikutak.muzej-rijeka.hr\/index.php\/wp-json\/wp\/v2\/comments?post=6"}],"version-history":[{"count":0,"href":"https:\/\/djecjikutak.muzej-rijeka.hr\/index.php\/wp-json\/wp\/v2\/pages\/6\/revisions"}],"wp:attachment":[{"href":"https:\/\/djecjikutak.muzej-rijeka.hr\/index.php\/wp-json\/wp\/v2\/media?parent=6"}],"curies":[{"name":"wp","href":"https:\/\/api.w.org\/{rel}","templated":true}]}}