{"id":8,"date":"2013-05-09T16:34:38","date_gmt":"2013-05-09T16:34:38","guid":{"rendered":"http:\/\/djecjikutak.muzej-rijeka.hr\/?page_id=8"},"modified":"2013-05-12T15:34:43","modified_gmt":"2013-05-12T15:34:43","slug":"o-muzejima","status":"publish","type":"page","link":"https:\/\/djecjikutak.muzej-rijeka.hr\/index.php\/o-muzejima\/","title":{"rendered":"O muzejima"},"content":{"rendered":"<p>Muzeji se bave skupljanjem, \u010duvanjem i istra\u017eivanjem civilizacijskih, kulturnih i prirodnih dobara. Mo\u017eda ti se ova re\u010denica \u010dini kompliciranom, ali zapravo nije. Pod <strong>dobrima<\/strong> se misli na <strong>razli\u010dite vrste predmeta<\/strong> (oru\u0111e, oru\u017eje, keramiku itd.), <strong>arheolo\u0161ka<\/strong> <strong>nalazi\u0161ta<\/strong> (lokalitet krapinskog pra\u010dovjeka, egipatske piramide itd.), <strong>vrtove i perivoje<\/strong> (npr. Maksimirski perivoj) itd.<br \/>\nCivilizacijska, kulturna i prirodna dobra veoma su va\u017ena i za\u0161ti\u0107ena su zakonom! Njime je propisano \u0161to se smije, a \u0161to ne smije \u010diniti s dobrima. Sve ono \u0161to se u\u010dini, a nije dozvoljeno zakonom, ka\u017enjivo je djelo. Dobra se na taj na\u010din \u0161tite od uni\u0161tavanja kako bi se sa\u010duvala za budu\u0107e nara\u0161taje, tako da ih jednog dana mogu vidjeti i na\u0161a djeca, i djeca na\u0161e djece itd.<\/p>\n<p>&nbsp;<br \/>\nOvisno o tome koja dobra sakupljaju, muzeje dijelimo na razli\u010dite vrste. Postoje <strong>arheolo\u0161ki<\/strong>,<strong> povijesni<\/strong>, <strong>etnografski<\/strong> (predmeti za lov, rad na zemlji, rad sa \u017eivotinjama, no\u0161nje itd.), <strong>prirodoslovni<\/strong> (preparirane \u017eivotinje, ostaci izumrlih \u017eivotinja itd.), <strong>tehni\u010dki<\/strong> (rakete-nosa\u010di, teleskopi, podmornice, lokomotive itd.), <strong>vojni muzeji<\/strong> (tenkovi, oru\u017eje itd.), <strong>pomorski<\/strong>, <strong>\u0161kolski<\/strong> (namje\u0161taj iz prvih \u0161kola, po\u010detnice, radovi u\u010denika i nastavnika od prije stotinjak godina itd.), <strong>umjetni\u010dki<\/strong> (sadr\u017ee slike i skulpture te predmete za \u010diju je izradu potrebno umjetni\u010dko stvaranje, npr. oslikane tkanine, kerami\u010dke predmete, fotografije itd.) i drugi muzeji.<\/p>\n<p>&nbsp;<br \/>\nMuzeji se mogu baviti i sakupljanjem vi\u0161e razli\u010ditih vrsta predmeta, pa tako mogu postojati dva ili vi\u0161e muzeja u jednom. Takav je primjerice Pomorski i povijesni muzej Hrvatskog primorja smje\u0161ten u Guvernerovoj pala\u010di.<br \/>\n<span style=\"color: #ff6600;\"><strong>Muzej grada Rijeke je kulturno-povijesni muzej, \u0161to zna\u010di da prikuplja predmete koji svjedo\u010de o vrijednostima koje je stvorio \u010dovjek, a koji su va\u017eni za povijest grada Rijeke i njegove okolice.<\/strong><\/span><br \/>\nAko jo\u0161 nisi pogledao\/pogledala koja dobra \u010duva Muzej grada Rijeke, klikni na rubriku <em>O na\u0161em Muzeju<\/em>.<\/p>\n","protected":false},"excerpt":{"rendered":"<p>Muzeji se bave skupljanjem, \u010duvanjem i istra\u017eivanjem civilizacijskih, kulturnih i prirodnih dobara. Mo\u017eda ti se ova re\u010denica \u010dini kompliciranom, ali zapravo nije. Pod dobrima se misli na razli\u010dite vrste predmeta (oru\u0111e, oru\u017eje, keramiku itd.), arheolo\u0161ka nalazi\u0161ta (lokalitet krapinskog pra\u010dovjeka, egipatske piramide itd.), vrtove i perivoje (npr. Maksimirski perivoj) itd. Civilizacijska, kulturna i prirodna dobra veoma [&hellip;]<\/p>\n","protected":false},"author":2,"featured_media":0,"parent":0,"menu_order":0,"comment_status":"open","ping_status":"closed","template":"","meta":[],"_links":{"self":[{"href":"https:\/\/djecjikutak.muzej-rijeka.hr\/index.php\/wp-json\/wp\/v2\/pages\/8"}],"collection":[{"href":"https:\/\/djecjikutak.muzej-rijeka.hr\/index.php\/wp-json\/wp\/v2\/pages"}],"about":[{"href":"https:\/\/djecjikutak.muzej-rijeka.hr\/index.php\/wp-json\/wp\/v2\/types\/page"}],"author":[{"embeddable":true,"href":"https:\/\/djecjikutak.muzej-rijeka.hr\/index.php\/wp-json\/wp\/v2\/users\/2"}],"replies":[{"embeddable":true,"href":"https:\/\/djecjikutak.muzej-rijeka.hr\/index.php\/wp-json\/wp\/v2\/comments?post=8"}],"version-history":[{"count":0,"href":"https:\/\/djecjikutak.muzej-rijeka.hr\/index.php\/wp-json\/wp\/v2\/pages\/8\/revisions"}],"wp:attachment":[{"href":"https:\/\/djecjikutak.muzej-rijeka.hr\/index.php\/wp-json\/wp\/v2\/media?parent=8"}],"curies":[{"name":"wp","href":"https:\/\/api.w.org\/{rel}","templated":true}]}}